{"id":1442,"date":"2021-11-17T17:34:20","date_gmt":"2021-11-17T17:34:20","guid":{"rendered":"https:\/\/azpportoes.com.br\/?page_id=1442"},"modified":"2025-04-24T22:58:29","modified_gmt":"2025-04-24T22:58:29","slug":"conserto-de-portao-automatico","status":"publish","type":"page","link":"https:\/\/azpportoes.com.br\/index.php\/conserto-de-portao-automatico\/","title":{"rendered":"Conserto de port\u00e3o autom\u00e1tico"},"content":{"rendered":"\t\t<div data-elementor-type=\"wp-page\" data-elementor-id=\"1442\" class=\"elementor elementor-1442\">\n\t\t\t\t\t\t\t\t\t<section class=\"elementor-section elementor-top-section elementor-element elementor-element-e9d2fe5 elementor-section-boxed elementor-section-height-default elementor-section-height-default\" data-id=\"e9d2fe5\" data-element_type=\"section\" data-settings=\"{&quot;background_background&quot;:&quot;classic&quot;}\">\n\t\t\t\t\t\t\t<div class=\"elementor-background-overlay\"><\/div>\n\t\t\t\t\t\t\t<div class=\"elementor-container elementor-column-gap-no\">\n\t\t\t\t\t<div class=\"elementor-column elementor-col-100 elementor-top-column elementor-element elementor-element-573193e\" data-id=\"573193e\" data-element_type=\"column\">\n\t\t\t<div class=\"elementor-widget-wrap elementor-element-populated\">\n\t\t\t\t\t\t\t\t<div class=\"elementor-element elementor-element-addd8e2 elementor-widget elementor-widget-heading\" data-id=\"addd8e2\" data-element_type=\"widget\" data-widget_type=\"heading.default\">\n\t\t\t\t<div class=\"elementor-widget-container\">\n\t\t\t<h1 class=\"elementor-heading-title elementor-size-default\">Conserto de port\u00e3o autom\u00e1tico<\/h1>\t\t<\/div>\n\t\t\t\t<\/div>\n\t\t\t\t\t<\/div>\n\t\t<\/div>\n\t\t\t\t\t\t\t<\/div>\n\t\t<\/section>\n\t\t\t\t<section class=\"elementor-section elementor-top-section elementor-element elementor-element-3477b3f elementor-section-boxed elementor-section-height-default elementor-section-height-default\" data-id=\"3477b3f\" data-element_type=\"section\">\n\t\t\t\t\t\t<div class=\"elementor-container elementor-column-gap-default\">\n\t\t\t\t\t<div class=\"elementor-column elementor-col-50 elementor-top-column elementor-element elementor-element-f31a31d\" data-id=\"f31a31d\" data-element_type=\"column\">\n\t\t\t<div class=\"elementor-widget-wrap elementor-element-populated\">\n\t\t\t\t\t\t\t\t<div class=\"elementor-element elementor-element-a458bcc elementor-widget elementor-widget-text-editor\" data-id=\"a458bcc\" data-element_type=\"widget\" data-widget_type=\"text-editor.default\">\n\t\t\t\t<div class=\"elementor-widget-container\">\n\t\t\t\t\t\t\t<p><span style=\"font-weight: 400;\">Somos a AZP Port\u00f5es uma empresa especializada em instala\u00e7\u00e3o, manuten\u00e7\u00e3o e conserto de port\u00f5es autom\u00e1ticos,\u00a0 l<\/span>ocalizada em S\u00e3o Paulo, atendemos S\u00e3o Paulo e regi\u00e3o, nossa empresa alia tecnologia e qualidade na instala\u00e7\u00e3o de port\u00f5es autom\u00e1ticos para resid\u00eancias e condom\u00ednios, al\u00e9m de oferecer presta\u00e7\u00e3o de servi\u00e7os de manuten\u00e7\u00e3o e assist\u00eancia t\u00e9cnica para port\u00f5es.<\/p><p>Nosso objetivo \u00e9 garantir a qualidade de nossos produtos e servi\u00e7os gra\u00e7as \u00e0 nossa dedica\u00e7\u00e3o e empenho em atender cada vez melhor nossos clientes. A AZP Port\u00f5es est\u00e1 preparada para atender todas as demandas da sua empresa com garantia de satisfa\u00e7\u00e3o e retorno.<\/p><p>Trabalhamos tamb\u00e9m com a presta\u00e7\u00e3o de servi\u00e7os de manuten\u00e7\u00e3o preventiva para condom\u00ednios e resid\u00eancias.<\/p><p>A AZP Port\u00f5es \u00e9 a empresa ideal para instala\u00e7\u00e3o de port\u00f5es autom\u00e1ticos na sua casa, empresa ou condom\u00ednio. Atuamos sempre com tecnologias inovadoras no setor de port\u00f5es.<\/p><p><span style=\"font-weight: 400;\">Trabalhamos com efici\u00eancia visando o bem estar de nossos clientes.<\/span><\/p><p><span style=\"font-weight: 400;\">Servi\u00e7os que oferecemos:\u00a0<\/span><\/p><ul><li><span style=\"font-weight: 400;\">Automatiza\u00e7\u00e3o de Port\u00f5es;<\/span><\/li><li>Instala\u00e7\u00f5es de port\u00f5es autom\u00e1tico;<\/li><li><span style=\"font-weight: 400;\">Manuten\u00e7\u00e3o de Port\u00f5es Eletr\u00f4nicos; <\/span><\/li><li><span style=\"font-weight: 400;\">Reparo port\u00f5es eletr\u00f4nicos;<\/span><\/li><li><span style=\"font-weight: 400;\">Assist\u00eancia t\u00e9cnica port\u00e3o;<\/span><\/li><li><span style=\"font-weight: 400;\">Conserto de port\u00f5es autom\u00e1tico.<\/span><\/li><\/ul>\t\t\t\t\t\t<\/div>\n\t\t\t\t<\/div>\n\t\t\t\t\t<\/div>\n\t\t<\/div>\n\t\t\t\t<div class=\"elementor-column elementor-col-50 elementor-top-column elementor-element elementor-element-1cec369\" data-id=\"1cec369\" data-element_type=\"column\">\n\t\t\t<div class=\"elementor-widget-wrap elementor-element-populated\">\n\t\t\t\t\t\t\t\t<div class=\"elementor-element elementor-element-e8b95ea elementor-widget elementor-widget-image\" data-id=\"e8b95ea\" data-element_type=\"widget\" data-widget_type=\"image.default\">\n\t\t\t\t<div class=\"elementor-widget-container\">\n\t\t\t\t\t\t\t\t\t\t\t\t\t\t\t<img width=\"480\" height=\"560\" src=\"https:\/\/azpportoes.com.br\/wp-content\/uploads\/2021\/06\/basculante2.jpg\" class=\"attachment-large size-large\" alt=\"\" loading=\"lazy\" srcset=\"https:\/\/azpportoes.com.br\/wp-content\/uploads\/2021\/06\/basculante2.jpg 480w, https:\/\/azpportoes.com.br\/wp-content\/uploads\/2021\/06\/basculante2-257x300.jpg 257w\" sizes=\"(max-width: 480px) 100vw, 480px\" \/>\t\t\t\t\t\t\t\t\t\t\t\t\t\t\t<\/div>\n\t\t\t\t<\/div>\n\t\t\t\t\t<\/div>\n\t\t<\/div>\n\t\t\t\t\t\t\t<\/div>\n\t\t<\/section>\n\t\t\t\t<section class=\"elementor-section elementor-top-section elementor-element elementor-element-2124dda elementor-section-boxed elementor-section-height-default elementor-section-height-default\" data-id=\"2124dda\" data-element_type=\"section\" data-settings=\"{&quot;background_background&quot;:&quot;gradient&quot;}\">\n\t\t\t\t\t\t\t<div class=\"elementor-background-overlay\"><\/div>\n\t\t\t\t\t\t\t<div class=\"elementor-container elementor-column-gap-no\">\n\t\t\t\t\t<div class=\"elementor-column elementor-col-100 elementor-top-column elementor-element elementor-element-a8c67d3\" data-id=\"a8c67d3\" data-element_type=\"column\">\n\t\t\t<div class=\"elementor-widget-wrap elementor-element-populated\">\n\t\t\t\t\t\t\t\t<div class=\"elementor-element elementor-element-9661003 elementor-widget elementor-widget-heading\" data-id=\"9661003\" data-element_type=\"widget\" data-widget_type=\"heading.default\">\n\t\t\t\t<div class=\"elementor-widget-container\">\n\t\t\t<h2 class=\"elementor-heading-title elementor-size-default\">Atendimento\n<\/h2>\t\t<\/div>\n\t\t\t\t<\/div>\n\t\t\t\t<section class=\"elementor-section elementor-inner-section elementor-element elementor-element-75b1d49 elementor-section-full_width elementor-section-height-default elementor-section-height-default\" data-id=\"75b1d49\" data-element_type=\"section\">\n\t\t\t\t\t\t<div class=\"elementor-container elementor-column-gap-default\">\n\t\t\t\t\t<div class=\"elementor-column elementor-col-50 elementor-inner-column elementor-element elementor-element-cb105a5\" data-id=\"cb105a5\" data-element_type=\"column\">\n\t\t\t<div class=\"elementor-widget-wrap elementor-element-populated\">\n\t\t\t\t\t\t\t\t<div class=\"elementor-element elementor-element-8d8aba6 elementor-view-stacked elementor-vertical-align-top elementor-widget elementor-widget-icon-box\" data-id=\"8d8aba6\" data-element_type=\"widget\" data-widget_type=\"icon-box.default\">\n\t\t\t\t<div class=\"elementor-widget-container\">\n\t\t\t\t\t<div class=\"elementor-icon-box-wrapper\">\n\t\t\t\t\t\t<div class=\"elementor-icon-box-content\">\n\t\t\t\t<h1 class=\"elementor-icon-box-title\">\n\t\t\t\t\t<span  >\n\t\t\t\t\t\t11 96534.8003 | 11 94776.5108\t\t\t\t\t<\/span>\n\t\t\t\t<\/h1>\n\t\t\t\t\t\t\t<\/div>\n\t\t<\/div>\n\t\t\t\t<\/div>\n\t\t\t\t<\/div>\n\t\t\t\t\t<\/div>\n\t\t<\/div>\n\t\t\t\t<div class=\"elementor-column elementor-col-50 elementor-inner-column elementor-element elementor-element-11b156a\" data-id=\"11b156a\" data-element_type=\"column\">\n\t\t\t<div class=\"elementor-widget-wrap elementor-element-populated\">\n\t\t\t\t\t\t\t\t<div class=\"elementor-element elementor-element-b3b2425 elementor-view-stacked elementor-vertical-align-top elementor-widget elementor-widget-icon-box\" data-id=\"b3b2425\" data-element_type=\"widget\" data-widget_type=\"icon-box.default\">\n\t\t\t\t<div class=\"elementor-widget-container\">\n\t\t\t\t\t<div class=\"elementor-icon-box-wrapper\">\n\t\t\t\t\t\t<div class=\"elementor-icon-box-content\">\n\t\t\t\t<h6 class=\"elementor-icon-box-title\">\n\t\t\t\t\t<span  >\n\t\t\t\t\t\t\t\t\t\t\t<\/span>\n\t\t\t\t<\/h6>\n\t\t\t\t\t\t\t<\/div>\n\t\t<\/div>\n\t\t\t\t<\/div>\n\t\t\t\t<\/div>\n\t\t\t\t\t<\/div>\n\t\t<\/div>\n\t\t\t\t\t\t\t<\/div>\n\t\t<\/section>\n\t\t\t\t<div class=\"elementor-element elementor-element-54338fe elementor-widget elementor-widget-text-editor\" data-id=\"54338fe\" data-element_type=\"widget\" data-widget_type=\"text-editor.default\">\n\t\t\t\t<div class=\"elementor-widget-container\">\n\t\t\t\t\t\t\t<p>Al\u00e9m de oferecer o produto nos da AZP Port\u00f5es instalamos e prestamos assist\u00eancia t\u00e9cnica em automa\u00e7\u00f5es de portas e port\u00f5es das mais diversas marcas.<\/p>\t\t\t\t\t\t<\/div>\n\t\t\t\t<\/div>\n\t\t\t\t<div class=\"elementor-element elementor-element-a145fc8 elementor-widget__width-auto elementor-mobile-align-justify elementor-widget-mobile__width-inherit elementor-align-left elementor-widget elementor-widget-button\" data-id=\"a145fc8\" data-element_type=\"widget\" data-widget_type=\"button.default\">\n\t\t\t\t<div class=\"elementor-widget-container\">\n\t\t\t\t\t<div class=\"elementor-button-wrapper\">\n\t\t\t<a href=\"#\" class=\"elementor-button-link elementor-button elementor-size-sm\" role=\"button\">\n\t\t\t\t\t\t<span class=\"elementor-button-content-wrapper\">\n\t\t\t\t\t\t\t<span class=\"elementor-button-icon elementor-align-icon-left\">\n\t\t\t\t<i aria-hidden=\"true\" class=\"fab fa-whatsapp\"><\/i>\t\t\t<\/span>\n\t\t\t\t\t\t<span class=\"elementor-button-text\">WhatsApp<\/span>\n\t\t<\/span>\n\t\t\t\t\t<\/a>\n\t\t<\/div>\n\t\t\t\t<\/div>\n\t\t\t\t<\/div>\n\t\t\t\t<div class=\"elementor-element elementor-element-fec3021 elementor-widget__width-auto elementor-mobile-align-justify elementor-widget-mobile__width-inherit elementor-align-left elementor-widget elementor-widget-button\" data-id=\"fec3021\" data-element_type=\"widget\" data-widget_type=\"button.default\">\n\t\t\t\t<div class=\"elementor-widget-container\">\n\t\t\t\t\t<div class=\"elementor-button-wrapper\">\n\t\t\t<a href=\"https:\/\/azpportoes.com.br\/index.php\/contato-portoes-automaticos\/\" class=\"elementor-button-link elementor-button elementor-size-sm\" role=\"button\">\n\t\t\t\t\t\t<span class=\"elementor-button-content-wrapper\">\n\t\t\t\t\t\t\t<span class=\"elementor-button-icon elementor-align-icon-left\">\n\t\t\t\t<i aria-hidden=\"true\" class=\"fas fa-phone\"><\/i>\t\t\t<\/span>\n\t\t\t\t\t\t<span class=\"elementor-button-text\">Fale conosco<\/span>\n\t\t<\/span>\n\t\t\t\t\t<\/a>\n\t\t<\/div>\n\t\t\t\t<\/div>\n\t\t\t\t<\/div>\n\t\t\t\t\t<\/div>\n\t\t<\/div>\n\t\t\t\t\t\t\t<\/div>\n\t\t<\/section>\n\t\t\t\t\t\t\t<\/div>\n\t\t","protected":false},"excerpt":{"rendered":"<p>Conserto de port\u00e3o autom\u00e1tico Somos a AZP Port\u00f5es uma empresa especializada em instala\u00e7\u00e3o, manuten\u00e7\u00e3o e conserto de port\u00f5es autom\u00e1ticos,\u00a0 localizada em S\u00e3o Paulo, atendemos S\u00e3o Paulo e regi\u00e3o, nossa empresa alia tecnologia e qualidade na instala\u00e7\u00e3o de port\u00f5es autom\u00e1ticos para resid\u00eancias e condom\u00ednios, al\u00e9m de oferecer presta\u00e7\u00e3o de servi\u00e7os de manuten\u00e7\u00e3o e assist\u00eancia t\u00e9cnica para &hellip;<\/p>\n<p class=\"read-more\"> <a class=\"\" href=\"https:\/\/azpportoes.com.br\/index.php\/conserto-de-portao-automatico\/\"> <span class=\"screen-reader-text\">Conserto de port\u00e3o autom\u00e1tico<\/span> Leia mais &raquo;<\/a><\/p>\n","protected":false},"author":1,"featured_media":0,"parent":0,"menu_order":0,"comment_status":"closed","ping_status":"closed","template":"","meta":{"site-sidebar-layout":"no-sidebar","site-content-layout":"page-builder","ast-main-header-display":"","ast-hfb-above-header-display":"","ast-hfb-below-header-display":"","ast-hfb-mobile-header-display":"","site-post-title":"disabled","ast-breadcrumbs-content":"disabled","ast-featured-img":"disabled","footer-sml-layout":"","theme-transparent-header-meta":"enabled","adv-header-id-meta":"","stick-header-meta":"","header-above-stick-meta":"","header-main-stick-meta":"","header-below-stick-meta":"","_joinchat":[]},"_links":{"self":[{"href":"https:\/\/azpportoes.com.br\/index.php\/wp-json\/wp\/v2\/pages\/1442"}],"collection":[{"href":"https:\/\/azpportoes.com.br\/index.php\/wp-json\/wp\/v2\/pages"}],"about":[{"href":"https:\/\/azpportoes.com.br\/index.php\/wp-json\/wp\/v2\/types\/page"}],"author":[{"embeddable":true,"href":"https:\/\/azpportoes.com.br\/index.php\/wp-json\/wp\/v2\/users\/1"}],"replies":[{"embeddable":true,"href":"https:\/\/azpportoes.com.br\/index.php\/wp-json\/wp\/v2\/comments?post=1442"}],"version-history":[{"count":22,"href":"https:\/\/azpportoes.com.br\/index.php\/wp-json\/wp\/v2\/pages\/1442\/revisions"}],"predecessor-version":[{"id":2977,"href":"https:\/\/azpportoes.com.br\/index.php\/wp-json\/wp\/v2\/pages\/1442\/revisions\/2977"}],"wp:attachment":[{"href":"https:\/\/azpportoes.com.br\/index.php\/wp-json\/wp\/v2\/media?parent=1442"}],"curies":[{"name":"wp","href":"https:\/\/api.w.org\/{rel}","templated":true}]}}