{"id":1078,"date":"2021-07-14T12:59:31","date_gmt":"2021-07-14T12:59:31","guid":{"rendered":"http:\/\/azpportoes.com.br\/teste\/?page_id=1078"},"modified":"2025-04-24T23:12:40","modified_gmt":"2025-04-24T23:12:40","slug":"automatizador-pivotante-zona-sul","status":"publish","type":"page","link":"https:\/\/azpportoes.com.br\/index.php\/automatizador-pivotante-zona-sul\/","title":{"rendered":"Port\u00e3o pivotante zona sul"},"content":{"rendered":"\t\t<div data-elementor-type=\"wp-page\" data-elementor-id=\"1078\" class=\"elementor elementor-1078\">\n\t\t\t\t\t\t\t\t\t<section class=\"elementor-section elementor-top-section elementor-element elementor-element-a42b0d7 elementor-section-boxed elementor-section-height-default elementor-section-height-default\" data-id=\"a42b0d7\" data-element_type=\"section\" data-settings=\"{&quot;background_background&quot;:&quot;classic&quot;}\">\n\t\t\t\t\t\t\t<div class=\"elementor-background-overlay\"><\/div>\n\t\t\t\t\t\t\t<div class=\"elementor-container elementor-column-gap-no\">\n\t\t\t\t\t<div class=\"elementor-column elementor-col-100 elementor-top-column elementor-element elementor-element-f20242f\" data-id=\"f20242f\" data-element_type=\"column\">\n\t\t\t<div class=\"elementor-widget-wrap elementor-element-populated\">\n\t\t\t\t\t\t\t\t<div class=\"elementor-element elementor-element-cc9f5b3 elementor-widget elementor-widget-heading\" data-id=\"cc9f5b3\" data-element_type=\"widget\" data-widget_type=\"heading.default\">\n\t\t\t\t<div class=\"elementor-widget-container\">\n\t\t\t<h1 class=\"elementor-heading-title elementor-size-default\">Automatiza\u00e7\u00e3o de <br>port\u00f5es Pivotantes<\/h1>\t\t<\/div>\n\t\t\t\t<\/div>\n\t\t\t\t\t<\/div>\n\t\t<\/div>\n\t\t\t\t\t\t\t<\/div>\n\t\t<\/section>\n\t\t\t\t<section class=\"elementor-section elementor-top-section elementor-element elementor-element-24cbf1d elementor-section-boxed elementor-section-height-default elementor-section-height-default\" data-id=\"24cbf1d\" data-element_type=\"section\">\n\t\t\t\t\t\t<div class=\"elementor-container elementor-column-gap-default\">\n\t\t\t\t\t<div class=\"elementor-column elementor-col-50 elementor-top-column elementor-element elementor-element-d8b1f7f\" data-id=\"d8b1f7f\" data-element_type=\"column\">\n\t\t\t<div class=\"elementor-widget-wrap elementor-element-populated\">\n\t\t\t\t\t\t\t\t<div class=\"elementor-element elementor-element-8f0896e elementor-widget elementor-widget-text-editor\" data-id=\"8f0896e\" data-element_type=\"widget\" data-widget_type=\"text-editor.default\">\n\t\t\t\t<div class=\"elementor-widget-container\">\n\t\t\t\t\t\t\t<p><span style=\"font-weight: 400;\">Somos a AZP Port\u00f5es uma empresa especializada em instala\u00e7\u00e3o, manuten\u00e7\u00e3o e conserto de port\u00f5es autom\u00e1ticos,\u00a0 l<\/span>ocalizada em S\u00e3o Paulo, atendemos em S\u00e3o Paulo e regi\u00e3o, nossa empresa alia tecnologia e qualidade na instala\u00e7\u00e3o de port\u00f5es autom\u00e1ticos para resid\u00eancias e condom\u00ednios, al\u00e9m de oferecer presta\u00e7\u00e3o de servi\u00e7os de manuten\u00e7\u00e3o e assist\u00eancia t\u00e9cnica para port\u00f5es.<\/p><p>Nosso objetivo \u00e9 garantir a qualidade de nossos produtos e servi\u00e7os gra\u00e7as \u00e0 nossa dedica\u00e7\u00e3o e empenho em atender cada vez melhor nossos clientes. A AZP Port\u00f5es est\u00e1 preparada para atender todas as demandas da sua empresa com garantia de satisfa\u00e7\u00e3o e retorno.<\/p><p>Trabalhamos tamb\u00e9m com a presta\u00e7\u00e3o de servi\u00e7os de manuten\u00e7\u00e3o preventiva para condom\u00ednios e resid\u00eancias.<\/p><p>A AZP Port\u00f5es \u00e9 a empresa ideal para instala\u00e7\u00e3o de port\u00f5es autom\u00e1ticos na sua casa, empresa ou condom\u00ednio. Atuamos sempre com tecnologias inovadoras no setor de port\u00f5es.<\/p><p><span style=\"font-weight: 400;\">Trabalhamos com efici\u00eancia visando o bem estar de nossos clientes.<\/span><\/p><p><span style=\"font-weight: 400;\">Servi\u00e7os que oferecemos:\u00a0<\/span><\/p><ul><li><span style=\"font-weight: 400;\">Automatiza\u00e7\u00e3o de Port\u00f5es;<\/span><\/li><li>Instala\u00e7\u00f5es de port\u00f5es autom\u00e1tico;<\/li><li><span style=\"font-weight: 400;\">Manuten\u00e7\u00e3o de Port\u00f5es Eletr\u00f4nicos; <\/span><\/li><li><span style=\"font-weight: 400;\">Reparo port\u00f5es eletr\u00f4nicos;<\/span><\/li><li><span style=\"font-weight: 400;\">Assist\u00eancia t\u00e9cnica port\u00e3o;<\/span><\/li><li><span style=\"font-weight: 400;\">Conserto de port\u00f5es autom\u00e1tico.<\/span><\/li><\/ul>\t\t\t\t\t\t<\/div>\n\t\t\t\t<\/div>\n\t\t\t\t\t<\/div>\n\t\t<\/div>\n\t\t\t\t<div class=\"elementor-column elementor-col-50 elementor-top-column elementor-element elementor-element-19be7a9\" data-id=\"19be7a9\" data-element_type=\"column\">\n\t\t\t<div class=\"elementor-widget-wrap elementor-element-populated\">\n\t\t\t\t\t\t\t\t<div class=\"elementor-element elementor-element-0981ff3 elementor-widget elementor-widget-image\" data-id=\"0981ff3\" data-element_type=\"widget\" data-widget_type=\"image.default\">\n\t\t\t\t<div class=\"elementor-widget-container\">\n\t\t\t\t\t\t\t\t\t\t\t\t\t\t\t<img width=\"480\" height=\"560\" src=\"https:\/\/azpportoes.com.br\/wp-content\/uploads\/2021\/06\/basculante2.jpg\" class=\"attachment-large size-large\" alt=\"\" loading=\"lazy\" srcset=\"https:\/\/azpportoes.com.br\/wp-content\/uploads\/2021\/06\/basculante2.jpg 480w, https:\/\/azpportoes.com.br\/wp-content\/uploads\/2021\/06\/basculante2-257x300.jpg 257w\" sizes=\"(max-width: 480px) 100vw, 480px\" \/>\t\t\t\t\t\t\t\t\t\t\t\t\t\t\t<\/div>\n\t\t\t\t<\/div>\n\t\t\t\t\t<\/div>\n\t\t<\/div>\n\t\t\t\t\t\t\t<\/div>\n\t\t<\/section>\n\t\t\t\t<section class=\"elementor-section elementor-top-section elementor-element elementor-element-78ddfd4 elementor-section-boxed elementor-section-height-default elementor-section-height-default\" data-id=\"78ddfd4\" data-element_type=\"section\">\n\t\t\t\t\t\t<div class=\"elementor-container elementor-column-gap-default\">\n\t\t\t\t\t<div class=\"elementor-column elementor-col-100 elementor-top-column elementor-element elementor-element-ebba845\" data-id=\"ebba845\" data-element_type=\"column\">\n\t\t\t<div class=\"elementor-widget-wrap elementor-element-populated\">\n\t\t\t\t\t\t\t\t<div class=\"elementor-element elementor-element-5b3f4b2 elementor-widget elementor-widget-spacer\" data-id=\"5b3f4b2\" data-element_type=\"widget\" data-widget_type=\"spacer.default\">\n\t\t\t\t<div class=\"elementor-widget-container\">\n\t\t\t\t\t<div class=\"elementor-spacer\">\n\t\t\t<div class=\"elementor-spacer-inner\"><\/div>\n\t\t<\/div>\n\t\t\t\t<\/div>\n\t\t\t\t<\/div>\n\t\t\t\t<div class=\"elementor-element elementor-element-49eadfb elementor-widget elementor-widget-image-gallery\" data-id=\"49eadfb\" data-element_type=\"widget\" data-widget_type=\"image-gallery.default\">\n\t\t\t\t<div class=\"elementor-widget-container\">\n\t\t\t\t\t<div class=\"elementor-image-gallery\">\n\t\t\t<div id='gallery-1' class='gallery galleryid-1078 gallery-columns-3 gallery-size-thumbnail'><figure class='gallery-item'>\n\t\t\t<div class='gallery-icon landscape'>\n\t\t\t\t<a data-elementor-open-lightbox=\"yes\" data-elementor-lightbox-slideshow=\"49eadfb\" data-elementor-lightbox-title=\"pivotante1\" e-action-hash=\"#elementor-action%3Aaction%3Dlightbox%26settings%3DeyJpZCI6MTA4MCwidXJsIjoiaHR0cHM6XC9cL2F6cHBvcnRvZXMuY29tLmJyXC93cC1jb250ZW50XC91cGxvYWRzXC8yMDIxXC8wN1wvcGl2b3RhbnRlMS5qcGciLCJzbGlkZXNob3ciOiI0OWVhZGZiIn0%3D\" href='https:\/\/azpportoes.com.br\/wp-content\/uploads\/2021\/07\/pivotante1.jpg'><img width=\"150\" height=\"150\" src=\"https:\/\/azpportoes.com.br\/wp-content\/uploads\/2021\/07\/pivotante1-150x150.jpg\" class=\"attachment-thumbnail size-thumbnail\" alt=\"\" loading=\"lazy\" aria-describedby=\"gallery-1-1080\" \/><\/a>\n\t\t\t<\/div>\n\t\t\t\t<figcaption class='wp-caption-text gallery-caption' id='gallery-1-1080'>\n\t\t\t\tPort\u00f5es Pivotantes PPA\n\t\t\t\t<\/figcaption><\/figure><figure class='gallery-item'>\n\t\t\t<div class='gallery-icon landscape'>\n\t\t\t\t<a data-elementor-open-lightbox=\"yes\" data-elementor-lightbox-slideshow=\"49eadfb\" data-elementor-lightbox-title=\"pivotante2\" e-action-hash=\"#elementor-action%3Aaction%3Dlightbox%26settings%3DeyJpZCI6MTA4MSwidXJsIjoiaHR0cHM6XC9cL2F6cHBvcnRvZXMuY29tLmJyXC93cC1jb250ZW50XC91cGxvYWRzXC8yMDIxXC8wN1wvcGl2b3RhbnRlMi5qcGciLCJzbGlkZXNob3ciOiI0OWVhZGZiIn0%3D\" href='https:\/\/azpportoes.com.br\/wp-content\/uploads\/2021\/07\/pivotante2.jpg'><img width=\"150\" height=\"150\" src=\"https:\/\/azpportoes.com.br\/wp-content\/uploads\/2021\/07\/pivotante2-150x150.jpg\" class=\"attachment-thumbnail size-thumbnail\" alt=\"\" loading=\"lazy\" aria-describedby=\"gallery-1-1081\" \/><\/a>\n\t\t\t<\/div>\n\t\t\t\t<figcaption class='wp-caption-text gallery-caption' id='gallery-1-1081'>\n\t\t\t\tPort\u00f5es Pivotantes Peccinin\n\t\t\t\t<\/figcaption><\/figure><figure class='gallery-item'>\n\t\t\t<div class='gallery-icon landscape'>\n\t\t\t\t<a data-elementor-open-lightbox=\"yes\" data-elementor-lightbox-slideshow=\"49eadfb\" data-elementor-lightbox-title=\"pivotante3\" e-action-hash=\"#elementor-action%3Aaction%3Dlightbox%26settings%3DeyJpZCI6MTA4MiwidXJsIjoiaHR0cHM6XC9cL2F6cHBvcnRvZXMuY29tLmJyXC93cC1jb250ZW50XC91cGxvYWRzXC8yMDIxXC8wN1wvcGl2b3RhbnRlMy5qcGciLCJzbGlkZXNob3ciOiI0OWVhZGZiIn0%3D\" href='https:\/\/azpportoes.com.br\/wp-content\/uploads\/2021\/07\/pivotante3.jpg'><img width=\"150\" height=\"150\" src=\"https:\/\/azpportoes.com.br\/wp-content\/uploads\/2021\/07\/pivotante3-150x150.jpg\" class=\"attachment-thumbnail size-thumbnail\" alt=\"\" loading=\"lazy\" aria-describedby=\"gallery-1-1082\" \/><\/a>\n\t\t\t<\/div>\n\t\t\t\t<figcaption class='wp-caption-text gallery-caption' id='gallery-1-1082'>\n\t\t\t\tPort\u00f5es Pivotantes Garen\n\t\t\t\t<\/figcaption><\/figure><figure class='gallery-item'>\n\t\t\t<div class='gallery-icon landscape'>\n\t\t\t\t<a data-elementor-open-lightbox=\"yes\" data-elementor-lightbox-slideshow=\"49eadfb\" data-elementor-lightbox-title=\"pivotante4-peccinin\" e-action-hash=\"#elementor-action%3Aaction%3Dlightbox%26settings%3DeyJpZCI6MTA4MywidXJsIjoiaHR0cHM6XC9cL2F6cHBvcnRvZXMuY29tLmJyXC93cC1jb250ZW50XC91cGxvYWRzXC8yMDIxXC8wN1wvcGl2b3RhbnRlNC1wZWNjaW5pbi5qcGciLCJzbGlkZXNob3ciOiI0OWVhZGZiIn0%3D\" href='https:\/\/azpportoes.com.br\/wp-content\/uploads\/2021\/07\/pivotante4-peccinin.jpg'><img width=\"150\" height=\"150\" src=\"https:\/\/azpportoes.com.br\/wp-content\/uploads\/2021\/07\/pivotante4-peccinin-150x150.jpg\" class=\"attachment-thumbnail size-thumbnail\" alt=\"\" loading=\"lazy\" aria-describedby=\"gallery-1-1083\" \/><\/a>\n\t\t\t<\/div>\n\t\t\t\t<figcaption class='wp-caption-text gallery-caption' id='gallery-1-1083'>\n\t\t\t\tKit Port\u00f5es Pivotantes Peccinin\n\t\t\t\t<\/figcaption><\/figure><figure class='gallery-item'>\n\t\t\t<div class='gallery-icon landscape'>\n\t\t\t\t<a data-elementor-open-lightbox=\"yes\" data-elementor-lightbox-slideshow=\"49eadfb\" data-elementor-lightbox-title=\"pivotante5-ppa\" e-action-hash=\"#elementor-action%3Aaction%3Dlightbox%26settings%3DeyJpZCI6MTA4NCwidXJsIjoiaHR0cHM6XC9cL2F6cHBvcnRvZXMuY29tLmJyXC93cC1jb250ZW50XC91cGxvYWRzXC8yMDIxXC8wN1wvcGl2b3RhbnRlNS1wcGEuanBnIiwic2xpZGVzaG93IjoiNDllYWRmYiJ9\" href='https:\/\/azpportoes.com.br\/wp-content\/uploads\/2021\/07\/pivotante5-ppa.jpg'><img width=\"150\" height=\"150\" src=\"https:\/\/azpportoes.com.br\/wp-content\/uploads\/2021\/07\/pivotante5-ppa-150x150.jpg\" class=\"attachment-thumbnail size-thumbnail\" alt=\"\" loading=\"lazy\" aria-describedby=\"gallery-1-1084\" \/><\/a>\n\t\t\t<\/div>\n\t\t\t\t<figcaption class='wp-caption-text gallery-caption' id='gallery-1-1084'>\n\t\t\t\tKit Port\u00f5es Pivotantes PPA\n\t\t\t\t<\/figcaption><\/figure><figure class='gallery-item'>\n\t\t\t<div class='gallery-icon landscape'>\n\t\t\t\t<a data-elementor-open-lightbox=\"yes\" data-elementor-lightbox-slideshow=\"49eadfb\" data-elementor-lightbox-title=\"pivotante6-garen\" e-action-hash=\"#elementor-action%3Aaction%3Dlightbox%26settings%3DeyJpZCI6MTA4NSwidXJsIjoiaHR0cHM6XC9cL2F6cHBvcnRvZXMuY29tLmJyXC93cC1jb250ZW50XC91cGxvYWRzXC8yMDIxXC8wN1wvcGl2b3RhbnRlNi1nYXJlbi5qcGciLCJzbGlkZXNob3ciOiI0OWVhZGZiIn0%3D\" href='https:\/\/azpportoes.com.br\/wp-content\/uploads\/2021\/07\/pivotante6-garen.jpg'><img width=\"150\" height=\"150\" src=\"https:\/\/azpportoes.com.br\/wp-content\/uploads\/2021\/07\/pivotante6-garen-150x150.jpg\" class=\"attachment-thumbnail size-thumbnail\" alt=\"\" loading=\"lazy\" aria-describedby=\"gallery-1-1085\" \/><\/a>\n\t\t\t<\/div>\n\t\t\t\t<figcaption class='wp-caption-text gallery-caption' id='gallery-1-1085'>\n\t\t\t\tKit Port\u00f5es Pivotantes Garen\n\t\t\t\t<\/figcaption><\/figure><figure class='gallery-item'>\n\t\t\t<div class='gallery-icon landscape'>\n\t\t\t\t<a data-elementor-open-lightbox=\"yes\" data-elementor-lightbox-slideshow=\"49eadfb\" data-elementor-lightbox-title=\"pivotante7\" e-action-hash=\"#elementor-action%3Aaction%3Dlightbox%26settings%3DeyJpZCI6MTA4NiwidXJsIjoiaHR0cHM6XC9cL2F6cHBvcnRvZXMuY29tLmJyXC93cC1jb250ZW50XC91cGxvYWRzXC8yMDIxXC8wN1wvcGl2b3RhbnRlNy5qcGciLCJzbGlkZXNob3ciOiI0OWVhZGZiIn0%3D\" href='https:\/\/azpportoes.com.br\/wp-content\/uploads\/2021\/07\/pivotante7.jpg'><img width=\"150\" height=\"150\" src=\"https:\/\/azpportoes.com.br\/wp-content\/uploads\/2021\/07\/pivotante7-150x150.jpg\" class=\"attachment-thumbnail size-thumbnail\" alt=\"\" loading=\"lazy\" aria-describedby=\"gallery-1-1086\" \/><\/a>\n\t\t\t<\/div>\n\t\t\t\t<figcaption class='wp-caption-text gallery-caption' id='gallery-1-1086'>\n\t\t\t\tPort\u00f5es Pivotantes autom\u00e1ticos\n\t\t\t\t<\/figcaption><\/figure><figure class='gallery-item'>\n\t\t\t<div class='gallery-icon landscape'>\n\t\t\t\t<a data-elementor-open-lightbox=\"yes\" data-elementor-lightbox-slideshow=\"49eadfb\" data-elementor-lightbox-title=\"pivotante8\" e-action-hash=\"#elementor-action%3Aaction%3Dlightbox%26settings%3DeyJpZCI6MTA4NywidXJsIjoiaHR0cHM6XC9cL2F6cHBvcnRvZXMuY29tLmJyXC93cC1jb250ZW50XC91cGxvYWRzXC8yMDIxXC8wN1wvcGl2b3RhbnRlOC5qcGciLCJzbGlkZXNob3ciOiI0OWVhZGZiIn0%3D\" href='https:\/\/azpportoes.com.br\/wp-content\/uploads\/2021\/07\/pivotante8.jpg'><img width=\"150\" height=\"150\" src=\"https:\/\/azpportoes.com.br\/wp-content\/uploads\/2021\/07\/pivotante8-150x150.jpg\" class=\"attachment-thumbnail size-thumbnail\" alt=\"\" loading=\"lazy\" aria-describedby=\"gallery-1-1087\" \/><\/a>\n\t\t\t<\/div>\n\t\t\t\t<figcaption class='wp-caption-text gallery-caption' id='gallery-1-1087'>\n\t\t\t\tPort\u00f5es Pivotantes autom\u00e1ticos\n\t\t\t\t<\/figcaption><\/figure><figure class='gallery-item'>\n\t\t\t<div class='gallery-icon landscape'>\n\t\t\t\t<a data-elementor-open-lightbox=\"yes\" data-elementor-lightbox-slideshow=\"49eadfb\" data-elementor-lightbox-title=\"pivotante9\" e-action-hash=\"#elementor-action%3Aaction%3Dlightbox%26settings%3DeyJpZCI6MTA4OCwidXJsIjoiaHR0cHM6XC9cL2F6cHBvcnRvZXMuY29tLmJyXC93cC1jb250ZW50XC91cGxvYWRzXC8yMDIxXC8wN1wvcGl2b3RhbnRlOS5qcGciLCJzbGlkZXNob3ciOiI0OWVhZGZiIn0%3D\" href='https:\/\/azpportoes.com.br\/wp-content\/uploads\/2021\/07\/pivotante9.jpg'><img width=\"150\" height=\"150\" src=\"https:\/\/azpportoes.com.br\/wp-content\/uploads\/2021\/07\/pivotante9-150x150.jpg\" class=\"attachment-thumbnail size-thumbnail\" alt=\"\" loading=\"lazy\" aria-describedby=\"gallery-1-1088\" \/><\/a>\n\t\t\t<\/div>\n\t\t\t\t<figcaption class='wp-caption-text gallery-caption' id='gallery-1-1088'>\n\t\t\t\tPort\u00f5es Pivotantes autom\u00e1ticos\n\t\t\t\t<\/figcaption><\/figure>\n\t\t<\/div>\n\t\t<\/div>\n\t\t\t\t<\/div>\n\t\t\t\t<\/div>\n\t\t\t\t<div class=\"elementor-element elementor-element-498c59d elementor-widget elementor-widget-spacer\" data-id=\"498c59d\" data-element_type=\"widget\" data-widget_type=\"spacer.default\">\n\t\t\t\t<div class=\"elementor-widget-container\">\n\t\t\t\t\t<div class=\"elementor-spacer\">\n\t\t\t<div class=\"elementor-spacer-inner\"><\/div>\n\t\t<\/div>\n\t\t\t\t<\/div>\n\t\t\t\t<\/div>\n\t\t\t\t\t<\/div>\n\t\t<\/div>\n\t\t\t\t\t\t\t<\/div>\n\t\t<\/section>\n\t\t\t\t<section class=\"elementor-section elementor-top-section elementor-element elementor-element-8b30a2e elementor-section-boxed elementor-section-height-default elementor-section-height-default\" data-id=\"8b30a2e\" data-element_type=\"section\" data-settings=\"{&quot;background_background&quot;:&quot;gradient&quot;}\">\n\t\t\t\t\t\t\t<div class=\"elementor-background-overlay\"><\/div>\n\t\t\t\t\t\t\t<div class=\"elementor-container elementor-column-gap-no\">\n\t\t\t\t\t<div class=\"elementor-column elementor-col-100 elementor-top-column elementor-element elementor-element-ce03976\" data-id=\"ce03976\" data-element_type=\"column\">\n\t\t\t<div class=\"elementor-widget-wrap elementor-element-populated\">\n\t\t\t\t\t\t\t\t<div class=\"elementor-element elementor-element-8cc5859 elementor-widget elementor-widget-heading\" data-id=\"8cc5859\" data-element_type=\"widget\" data-widget_type=\"heading.default\">\n\t\t\t\t<div class=\"elementor-widget-container\">\n\t\t\t<h2 class=\"elementor-heading-title elementor-size-default\">Atendimento\n<\/h2>\t\t<\/div>\n\t\t\t\t<\/div>\n\t\t\t\t<section class=\"elementor-section elementor-inner-section elementor-element elementor-element-52d5c22 elementor-section-full_width elementor-section-height-default elementor-section-height-default\" data-id=\"52d5c22\" data-element_type=\"section\">\n\t\t\t\t\t\t<div class=\"elementor-container elementor-column-gap-default\">\n\t\t\t\t\t<div class=\"elementor-column elementor-col-50 elementor-inner-column elementor-element elementor-element-d47e181\" data-id=\"d47e181\" data-element_type=\"column\">\n\t\t\t<div class=\"elementor-widget-wrap elementor-element-populated\">\n\t\t\t\t\t\t\t\t<div class=\"elementor-element elementor-element-bce88e7 elementor-view-stacked elementor-vertical-align-top elementor-widget elementor-widget-icon-box\" data-id=\"bce88e7\" data-element_type=\"widget\" data-widget_type=\"icon-box.default\">\n\t\t\t\t<div class=\"elementor-widget-container\">\n\t\t\t\t\t<div class=\"elementor-icon-box-wrapper\">\n\t\t\t\t\t\t<div class=\"elementor-icon-box-content\">\n\t\t\t\t<h1 class=\"elementor-icon-box-title\">\n\t\t\t\t\t<span  >\n\t\t\t\t\t\t11 96534.8003 | 11 94776.5108\t\t\t\t\t<\/span>\n\t\t\t\t<\/h1>\n\t\t\t\t\t\t\t<\/div>\n\t\t<\/div>\n\t\t\t\t<\/div>\n\t\t\t\t<\/div>\n\t\t\t\t\t<\/div>\n\t\t<\/div>\n\t\t\t\t<div class=\"elementor-column elementor-col-50 elementor-inner-column elementor-element elementor-element-c667155\" data-id=\"c667155\" data-element_type=\"column\">\n\t\t\t<div class=\"elementor-widget-wrap elementor-element-populated\">\n\t\t\t\t\t\t\t\t<div class=\"elementor-element elementor-element-d98d734 elementor-view-stacked elementor-vertical-align-top elementor-widget elementor-widget-icon-box\" data-id=\"d98d734\" data-element_type=\"widget\" data-widget_type=\"icon-box.default\">\n\t\t\t\t<div class=\"elementor-widget-container\">\n\t\t\t\t\t<div class=\"elementor-icon-box-wrapper\">\n\t\t\t\t\t\t<div class=\"elementor-icon-box-content\">\n\t\t\t\t<h6 class=\"elementor-icon-box-title\">\n\t\t\t\t\t<span  >\n\t\t\t\t\t\t\t\t\t\t\t<\/span>\n\t\t\t\t<\/h6>\n\t\t\t\t\t\t\t<\/div>\n\t\t<\/div>\n\t\t\t\t<\/div>\n\t\t\t\t<\/div>\n\t\t\t\t\t<\/div>\n\t\t<\/div>\n\t\t\t\t\t\t\t<\/div>\n\t\t<\/section>\n\t\t\t\t<div class=\"elementor-element elementor-element-f18013d elementor-widget elementor-widget-text-editor\" data-id=\"f18013d\" data-element_type=\"widget\" data-widget_type=\"text-editor.default\">\n\t\t\t\t<div class=\"elementor-widget-container\">\n\t\t\t\t\t\t\t<p>Al\u00e9m de oferecer o produto nos da AZP Port\u00f5es instalamos e prestamos assist\u00eancia t\u00e9cnica em automa\u00e7\u00f5es de portas e port\u00f5es das mais diversas marcas.<\/p>\t\t\t\t\t\t<\/div>\n\t\t\t\t<\/div>\n\t\t\t\t<div class=\"elementor-element elementor-element-ca0331c elementor-widget__width-auto elementor-mobile-align-justify elementor-widget-mobile__width-inherit elementor-align-left elementor-widget elementor-widget-button\" data-id=\"ca0331c\" data-element_type=\"widget\" data-widget_type=\"button.default\">\n\t\t\t\t<div class=\"elementor-widget-container\">\n\t\t\t\t\t<div class=\"elementor-button-wrapper\">\n\t\t\t<a href=\"#\" class=\"elementor-button-link elementor-button elementor-size-sm\" role=\"button\">\n\t\t\t\t\t\t<span class=\"elementor-button-content-wrapper\">\n\t\t\t\t\t\t\t<span class=\"elementor-button-icon elementor-align-icon-left\">\n\t\t\t\t<i aria-hidden=\"true\" class=\"fab fa-whatsapp\"><\/i>\t\t\t<\/span>\n\t\t\t\t\t\t<span class=\"elementor-button-text\">WhatsApp<\/span>\n\t\t<\/span>\n\t\t\t\t\t<\/a>\n\t\t<\/div>\n\t\t\t\t<\/div>\n\t\t\t\t<\/div>\n\t\t\t\t<div class=\"elementor-element elementor-element-18f89c4 elementor-widget__width-auto elementor-mobile-align-justify elementor-widget-mobile__width-inherit elementor-align-left elementor-widget elementor-widget-button\" data-id=\"18f89c4\" data-element_type=\"widget\" data-widget_type=\"button.default\">\n\t\t\t\t<div class=\"elementor-widget-container\">\n\t\t\t\t\t<div class=\"elementor-button-wrapper\">\n\t\t\t<a href=\"https:\/\/azpportoes.com.br\/index.php\/contato-portoes-automaticos\/\" class=\"elementor-button-link elementor-button elementor-size-sm\" role=\"button\">\n\t\t\t\t\t\t<span class=\"elementor-button-content-wrapper\">\n\t\t\t\t\t\t\t<span class=\"elementor-button-icon elementor-align-icon-left\">\n\t\t\t\t<i aria-hidden=\"true\" class=\"fas fa-phone\"><\/i>\t\t\t<\/span>\n\t\t\t\t\t\t<span class=\"elementor-button-text\">Fale conosco<\/span>\n\t\t<\/span>\n\t\t\t\t\t<\/a>\n\t\t<\/div>\n\t\t\t\t<\/div>\n\t\t\t\t<\/div>\n\t\t\t\t\t<\/div>\n\t\t<\/div>\n\t\t\t\t\t\t\t<\/div>\n\t\t<\/section>\n\t\t\t\t\t\t\t<\/div>\n\t\t","protected":false},"excerpt":{"rendered":"<p>Automatiza\u00e7\u00e3o de port\u00f5es Pivotantes Somos a AZP Port\u00f5es uma empresa especializada em instala\u00e7\u00e3o, manuten\u00e7\u00e3o e conserto de port\u00f5es autom\u00e1ticos,\u00a0 localizada em S\u00e3o Paulo, atendemos em S\u00e3o Paulo e regi\u00e3o, nossa empresa alia tecnologia e qualidade na instala\u00e7\u00e3o de port\u00f5es autom\u00e1ticos para resid\u00eancias e condom\u00ednios, al\u00e9m de oferecer presta\u00e7\u00e3o de servi\u00e7os de manuten\u00e7\u00e3o e assist\u00eancia t\u00e9cnica &hellip;<\/p>\n<p class=\"read-more\"> <a class=\"\" href=\"https:\/\/azpportoes.com.br\/index.php\/automatizador-pivotante-zona-sul\/\"> <span class=\"screen-reader-text\">Port\u00e3o pivotante zona sul<\/span> Leia mais &raquo;<\/a><\/p>\n","protected":false},"author":1,"featured_media":0,"parent":0,"menu_order":0,"comment_status":"closed","ping_status":"closed","template":"","meta":{"site-sidebar-layout":"no-sidebar","site-content-layout":"page-builder","ast-main-header-display":"","ast-hfb-above-header-display":"","ast-hfb-below-header-display":"","ast-hfb-mobile-header-display":"","site-post-title":"disabled","ast-breadcrumbs-content":"","ast-featured-img":"disabled","footer-sml-layout":"","theme-transparent-header-meta":"enabled","adv-header-id-meta":"","stick-header-meta":"","header-above-stick-meta":"","header-main-stick-meta":"","header-below-stick-meta":"","_joinchat":[]},"_links":{"self":[{"href":"https:\/\/azpportoes.com.br\/index.php\/wp-json\/wp\/v2\/pages\/1078"}],"collection":[{"href":"https:\/\/azpportoes.com.br\/index.php\/wp-json\/wp\/v2\/pages"}],"about":[{"href":"https:\/\/azpportoes.com.br\/index.php\/wp-json\/wp\/v2\/types\/page"}],"author":[{"embeddable":true,"href":"https:\/\/azpportoes.com.br\/index.php\/wp-json\/wp\/v2\/users\/1"}],"replies":[{"embeddable":true,"href":"https:\/\/azpportoes.com.br\/index.php\/wp-json\/wp\/v2\/comments?post=1078"}],"version-history":[{"count":24,"href":"https:\/\/azpportoes.com.br\/index.php\/wp-json\/wp\/v2\/pages\/1078\/revisions"}],"predecessor-version":[{"id":3064,"href":"https:\/\/azpportoes.com.br\/index.php\/wp-json\/wp\/v2\/pages\/1078\/revisions\/3064"}],"wp:attachment":[{"href":"https:\/\/azpportoes.com.br\/index.php\/wp-json\/wp\/v2\/media?parent=1078"}],"curies":[{"name":"wp","href":"https:\/\/api.w.org\/{rel}","templated":true}]}}