{"id":1003,"date":"2021-07-14T11:35:52","date_gmt":"2021-07-14T11:35:52","guid":{"rendered":"http:\/\/azpportoes.com.br\/teste\/?page_id=1003"},"modified":"2025-04-24T23:12:00","modified_gmt":"2025-04-24T23:12:00","slug":"automatizador-deslizante-zona-sul","status":"publish","type":"page","link":"https:\/\/azpportoes.com.br\/index.php\/automatizador-deslizante-zona-sul\/","title":{"rendered":"Port\u00e3o deslizante zona sul"},"content":{"rendered":"\t\t<div data-elementor-type=\"wp-page\" data-elementor-id=\"1003\" class=\"elementor elementor-1003\">\n\t\t\t\t\t\t\t\t\t<section class=\"elementor-section elementor-top-section elementor-element elementor-element-a0c29bb elementor-section-boxed elementor-section-height-default elementor-section-height-default\" data-id=\"a0c29bb\" data-element_type=\"section\" data-settings=\"{&quot;background_background&quot;:&quot;classic&quot;}\">\n\t\t\t\t\t\t\t<div class=\"elementor-background-overlay\"><\/div>\n\t\t\t\t\t\t\t<div class=\"elementor-container elementor-column-gap-no\">\n\t\t\t\t\t<div class=\"elementor-column elementor-col-100 elementor-top-column elementor-element elementor-element-a87ec19\" data-id=\"a87ec19\" data-element_type=\"column\">\n\t\t\t<div class=\"elementor-widget-wrap elementor-element-populated\">\n\t\t\t\t\t\t\t\t<div class=\"elementor-element elementor-element-cb9d3f8 elementor-widget elementor-widget-heading\" data-id=\"cb9d3f8\" data-element_type=\"widget\" data-widget_type=\"heading.default\">\n\t\t\t\t<div class=\"elementor-widget-container\">\n\t\t\t<h1 class=\"elementor-heading-title elementor-size-default\">Automatiza\u00e7\u00e3o de <br>port\u00f5es Deslizantes<\/h1>\t\t<\/div>\n\t\t\t\t<\/div>\n\t\t\t\t\t<\/div>\n\t\t<\/div>\n\t\t\t\t\t\t\t<\/div>\n\t\t<\/section>\n\t\t\t\t<section class=\"elementor-section elementor-top-section elementor-element elementor-element-e4cfabc elementor-section-boxed elementor-section-height-default elementor-section-height-default\" data-id=\"e4cfabc\" data-element_type=\"section\">\n\t\t\t\t\t\t<div class=\"elementor-container elementor-column-gap-default\">\n\t\t\t\t\t<div class=\"elementor-column elementor-col-50 elementor-top-column elementor-element elementor-element-9d72204\" data-id=\"9d72204\" data-element_type=\"column\">\n\t\t\t<div class=\"elementor-widget-wrap elementor-element-populated\">\n\t\t\t\t\t\t\t\t<div class=\"elementor-element elementor-element-39b6228 elementor-widget elementor-widget-text-editor\" data-id=\"39b6228\" data-element_type=\"widget\" data-widget_type=\"text-editor.default\">\n\t\t\t\t<div class=\"elementor-widget-container\">\n\t\t\t\t\t\t\t<p><span style=\"font-weight: 400;\">Somos a AZP Port\u00f5es uma empresa especializada em instala\u00e7\u00e3o, manuten\u00e7\u00e3o e conserto de port\u00f5es autom\u00e1ticos,\u00a0 l<\/span>ocalizada em S\u00e3o Paulo, e atuamos em S\u00e3o Paulo e regi\u00f5es, nossa empresa alia tecnologia e qualidade na instala\u00e7\u00e3o de port\u00f5es autom\u00e1ticos para resid\u00eancias e condom\u00ednios, al\u00e9m de oferecer presta\u00e7\u00e3o de servi\u00e7os de manuten\u00e7\u00e3o e assist\u00eancia t\u00e9cnica para port\u00f5es.<\/p><p>Nosso objetivo \u00e9 garantir a qualidade de nossos produtos e servi\u00e7os gra\u00e7as \u00e0 nossa dedica\u00e7\u00e3o e empenho em atender cada vez melhor nossos clientes. A AZP Port\u00f5es est\u00e1 preparada para atender todas as demandas da sua empresa com garantia de satisfa\u00e7\u00e3o e retorno.<\/p><p>Trabalhamos tamb\u00e9m com a presta\u00e7\u00e3o de servi\u00e7os de manuten\u00e7\u00e3o preventiva para condom\u00ednios e resid\u00eancias.<\/p><p>A AZP Port\u00f5es \u00e9 a empresa ideal para instala\u00e7\u00e3o de port\u00f5es autom\u00e1ticos na sua casa, empresa ou condom\u00ednio. Atuamos sempre com tecnologias inovadoras no setor de port\u00f5es.<\/p><p><span style=\"font-weight: 400;\">Trabalhamos com efici\u00eancia visando o bem estar de nossos clientes.<\/span><\/p><p><span style=\"font-weight: 400;\">Servi\u00e7os que oferecemos:\u00a0<\/span><\/p><ul><li><span style=\"font-weight: 400;\">Automatiza\u00e7\u00e3o de Port\u00f5es;<\/span><\/li><li>Instala\u00e7\u00f5es de port\u00f5es autom\u00e1tico;<\/li><li><span style=\"font-weight: 400;\">Manuten\u00e7\u00e3o de Port\u00f5es Eletr\u00f4nicos; <\/span><\/li><li><span style=\"font-weight: 400;\">Reparo port\u00f5es eletr\u00f4nicos;<\/span><\/li><li><span style=\"font-weight: 400;\">Assist\u00eancia t\u00e9cnica port\u00e3o;<\/span><\/li><li><span style=\"font-weight: 400;\">Conserto de port\u00f5es autom\u00e1tico.<\/span><\/li><\/ul>\t\t\t\t\t\t<\/div>\n\t\t\t\t<\/div>\n\t\t\t\t\t<\/div>\n\t\t<\/div>\n\t\t\t\t<div class=\"elementor-column elementor-col-50 elementor-top-column elementor-element elementor-element-5d26d9f\" data-id=\"5d26d9f\" data-element_type=\"column\">\n\t\t\t<div class=\"elementor-widget-wrap elementor-element-populated\">\n\t\t\t\t\t\t\t\t<div class=\"elementor-element elementor-element-a370c58 elementor-widget elementor-widget-image\" data-id=\"a370c58\" data-element_type=\"widget\" data-widget_type=\"image.default\">\n\t\t\t\t<div class=\"elementor-widget-container\">\n\t\t\t\t\t\t\t\t\t\t\t\t\t\t\t<img width=\"480\" height=\"560\" src=\"https:\/\/azpportoes.com.br\/wp-content\/uploads\/2021\/06\/basculante2.jpg\" class=\"attachment-large size-large\" alt=\"\" loading=\"lazy\" srcset=\"https:\/\/azpportoes.com.br\/wp-content\/uploads\/2021\/06\/basculante2.jpg 480w, https:\/\/azpportoes.com.br\/wp-content\/uploads\/2021\/06\/basculante2-257x300.jpg 257w\" sizes=\"(max-width: 480px) 100vw, 480px\" \/>\t\t\t\t\t\t\t\t\t\t\t\t\t\t\t<\/div>\n\t\t\t\t<\/div>\n\t\t\t\t\t<\/div>\n\t\t<\/div>\n\t\t\t\t\t\t\t<\/div>\n\t\t<\/section>\n\t\t\t\t<section class=\"elementor-section elementor-top-section elementor-element elementor-element-261e47a elementor-section-boxed elementor-section-height-default elementor-section-height-default\" data-id=\"261e47a\" data-element_type=\"section\">\n\t\t\t\t\t\t<div class=\"elementor-container elementor-column-gap-default\">\n\t\t\t\t\t<div class=\"elementor-column elementor-col-100 elementor-top-column elementor-element elementor-element-c71c4e1\" data-id=\"c71c4e1\" data-element_type=\"column\">\n\t\t\t<div class=\"elementor-widget-wrap elementor-element-populated\">\n\t\t\t\t\t\t\t\t<div class=\"elementor-element elementor-element-7f65c3f elementor-widget elementor-widget-spacer\" data-id=\"7f65c3f\" data-element_type=\"widget\" data-widget_type=\"spacer.default\">\n\t\t\t\t<div class=\"elementor-widget-container\">\n\t\t\t\t\t<div class=\"elementor-spacer\">\n\t\t\t<div class=\"elementor-spacer-inner\"><\/div>\n\t\t<\/div>\n\t\t\t\t<\/div>\n\t\t\t\t<\/div>\n\t\t\t\t<div class=\"elementor-element elementor-element-3f4b0fb elementor-widget elementor-widget-image-gallery\" data-id=\"3f4b0fb\" data-element_type=\"widget\" data-widget_type=\"image-gallery.default\">\n\t\t\t\t<div class=\"elementor-widget-container\">\n\t\t\t\t\t<div class=\"elementor-image-gallery\">\n\t\t\t<div id='gallery-1' class='gallery galleryid-1003 gallery-columns-3 gallery-size-thumbnail'><figure class='gallery-item'>\n\t\t\t<div class='gallery-icon landscape'>\n\t\t\t\t<a data-elementor-open-lightbox=\"yes\" data-elementor-lightbox-slideshow=\"3f4b0fb\" data-elementor-lightbox-title=\"deslizante1\" e-action-hash=\"#elementor-action%3Aaction%3Dlightbox%26settings%3DeyJpZCI6MTAyNywidXJsIjoiaHR0cHM6XC9cL2F6cHBvcnRvZXMuY29tLmJyXC93cC1jb250ZW50XC91cGxvYWRzXC8yMDIxXC8wN1wvZGVzbGl6YW50ZTEuanBnIiwic2xpZGVzaG93IjoiM2Y0YjBmYiJ9\" href='https:\/\/azpportoes.com.br\/wp-content\/uploads\/2021\/07\/deslizante1.jpg'><img width=\"150\" height=\"150\" src=\"https:\/\/azpportoes.com.br\/wp-content\/uploads\/2021\/07\/deslizante1-150x150.jpg\" class=\"attachment-thumbnail size-thumbnail\" alt=\"\" loading=\"lazy\" aria-describedby=\"gallery-1-1027\" \/><\/a>\n\t\t\t<\/div>\n\t\t\t\t<figcaption class='wp-caption-text gallery-caption' id='gallery-1-1027'>\n\t\t\t\tMotor Deslizante Peccinin\n\t\t\t\t<\/figcaption><\/figure><figure class='gallery-item'>\n\t\t\t<div class='gallery-icon landscape'>\n\t\t\t\t<a data-elementor-open-lightbox=\"yes\" data-elementor-lightbox-slideshow=\"3f4b0fb\" data-elementor-lightbox-title=\"deslizante2\" e-action-hash=\"#elementor-action%3Aaction%3Dlightbox%26settings%3DeyJpZCI6MTAyOCwidXJsIjoiaHR0cHM6XC9cL2F6cHBvcnRvZXMuY29tLmJyXC93cC1jb250ZW50XC91cGxvYWRzXC8yMDIxXC8wN1wvZGVzbGl6YW50ZTIuanBnIiwic2xpZGVzaG93IjoiM2Y0YjBmYiJ9\" href='https:\/\/azpportoes.com.br\/wp-content\/uploads\/2021\/07\/deslizante2.jpg'><img width=\"150\" height=\"150\" src=\"https:\/\/azpportoes.com.br\/wp-content\/uploads\/2021\/07\/deslizante2-150x150.jpg\" class=\"attachment-thumbnail size-thumbnail\" alt=\"\" loading=\"lazy\" aria-describedby=\"gallery-1-1028\" \/><\/a>\n\t\t\t<\/div>\n\t\t\t\t<figcaption class='wp-caption-text gallery-caption' id='gallery-1-1028'>\n\t\t\t\tMotor Deslizante PPA\n\t\t\t\t<\/figcaption><\/figure><figure class='gallery-item'>\n\t\t\t<div class='gallery-icon landscape'>\n\t\t\t\t<a data-elementor-open-lightbox=\"yes\" data-elementor-lightbox-slideshow=\"3f4b0fb\" data-elementor-lightbox-title=\"deslizante3\" e-action-hash=\"#elementor-action%3Aaction%3Dlightbox%26settings%3DeyJpZCI6MTAyOSwidXJsIjoiaHR0cHM6XC9cL2F6cHBvcnRvZXMuY29tLmJyXC93cC1jb250ZW50XC91cGxvYWRzXC8yMDIxXC8wN1wvZGVzbGl6YW50ZTMuanBnIiwic2xpZGVzaG93IjoiM2Y0YjBmYiJ9\" href='https:\/\/azpportoes.com.br\/wp-content\/uploads\/2021\/07\/deslizante3.jpg'><img width=\"150\" height=\"150\" src=\"https:\/\/azpportoes.com.br\/wp-content\/uploads\/2021\/07\/deslizante3-150x150.jpg\" class=\"attachment-thumbnail size-thumbnail\" alt=\"\" loading=\"lazy\" aria-describedby=\"gallery-1-1029\" \/><\/a>\n\t\t\t<\/div>\n\t\t\t\t<figcaption class='wp-caption-text gallery-caption' id='gallery-1-1029'>\n\t\t\t\tMotor Deslizante Garen\n\t\t\t\t<\/figcaption><\/figure><figure class='gallery-item'>\n\t\t\t<div class='gallery-icon landscape'>\n\t\t\t\t<a data-elementor-open-lightbox=\"yes\" data-elementor-lightbox-slideshow=\"3f4b0fb\" data-elementor-lightbox-title=\"deslizante4-kitmotorpeccini\" e-action-hash=\"#elementor-action%3Aaction%3Dlightbox%26settings%3DeyJpZCI6MTAzMCwidXJsIjoiaHR0cHM6XC9cL2F6cHBvcnRvZXMuY29tLmJyXC93cC1jb250ZW50XC91cGxvYWRzXC8yMDIxXC8wN1wvZGVzbGl6YW50ZTQta2l0bW90b3JwZWNjaW5pLmpwZyIsInNsaWRlc2hvdyI6IjNmNGIwZmIifQ%3D%3D\" href='https:\/\/azpportoes.com.br\/wp-content\/uploads\/2021\/07\/deslizante4-kitmotorpeccini.jpg'><img width=\"150\" height=\"150\" src=\"https:\/\/azpportoes.com.br\/wp-content\/uploads\/2021\/07\/deslizante4-kitmotorpeccini-150x150.jpg\" class=\"attachment-thumbnail size-thumbnail\" alt=\"\" loading=\"lazy\" aria-describedby=\"gallery-1-1030\" \/><\/a>\n\t\t\t<\/div>\n\t\t\t\t<figcaption class='wp-caption-text gallery-caption' id='gallery-1-1030'>\n\t\t\t\tKit Motor Deslizante Peccini\n\t\t\t\t<\/figcaption><\/figure><figure class='gallery-item'>\n\t\t\t<div class='gallery-icon landscape'>\n\t\t\t\t<a data-elementor-open-lightbox=\"yes\" data-elementor-lightbox-slideshow=\"3f4b0fb\" data-elementor-lightbox-title=\"deslizante5-kitmotorpp\" e-action-hash=\"#elementor-action%3Aaction%3Dlightbox%26settings%3DeyJpZCI6MTAzMSwidXJsIjoiaHR0cHM6XC9cL2F6cHBvcnRvZXMuY29tLmJyXC93cC1jb250ZW50XC91cGxvYWRzXC8yMDIxXC8wN1wvZGVzbGl6YW50ZTUta2l0bW90b3JwcC5qcGciLCJzbGlkZXNob3ciOiIzZjRiMGZiIn0%3D\" href='https:\/\/azpportoes.com.br\/wp-content\/uploads\/2021\/07\/deslizante5-kitmotorpp.jpg'><img width=\"150\" height=\"150\" src=\"https:\/\/azpportoes.com.br\/wp-content\/uploads\/2021\/07\/deslizante5-kitmotorpp-150x150.jpg\" class=\"attachment-thumbnail size-thumbnail\" alt=\"\" loading=\"lazy\" aria-describedby=\"gallery-1-1031\" \/><\/a>\n\t\t\t<\/div>\n\t\t\t\t<figcaption class='wp-caption-text gallery-caption' id='gallery-1-1031'>\n\t\t\t\tKit Motor Deslizante PPA\n\t\t\t\t<\/figcaption><\/figure><figure class='gallery-item'>\n\t\t\t<div class='gallery-icon landscape'>\n\t\t\t\t<a data-elementor-open-lightbox=\"yes\" data-elementor-lightbox-slideshow=\"3f4b0fb\" data-elementor-lightbox-title=\"deslizante6-kitmotorgaren\" e-action-hash=\"#elementor-action%3Aaction%3Dlightbox%26settings%3DeyJpZCI6MTAzMiwidXJsIjoiaHR0cHM6XC9cL2F6cHBvcnRvZXMuY29tLmJyXC93cC1jb250ZW50XC91cGxvYWRzXC8yMDIxXC8wN1wvZGVzbGl6YW50ZTYta2l0bW90b3JnYXJlbi5qcGciLCJzbGlkZXNob3ciOiIzZjRiMGZiIn0%3D\" href='https:\/\/azpportoes.com.br\/wp-content\/uploads\/2021\/07\/deslizante6-kitmotorgaren.jpg'><img width=\"150\" height=\"150\" src=\"https:\/\/azpportoes.com.br\/wp-content\/uploads\/2021\/07\/deslizante6-kitmotorgaren-150x150.jpg\" class=\"attachment-thumbnail size-thumbnail\" alt=\"\" loading=\"lazy\" aria-describedby=\"gallery-1-1032\" \/><\/a>\n\t\t\t<\/div>\n\t\t\t\t<figcaption class='wp-caption-text gallery-caption' id='gallery-1-1032'>\n\t\t\t\tKit Motor Deslizante Garen\n\t\t\t\t<\/figcaption><\/figure><figure class='gallery-item'>\n\t\t\t<div class='gallery-icon landscape'>\n\t\t\t\t<a data-elementor-open-lightbox=\"yes\" data-elementor-lightbox-slideshow=\"3f4b0fb\" data-elementor-lightbox-title=\"deslizante7\" e-action-hash=\"#elementor-action%3Aaction%3Dlightbox%26settings%3DeyJpZCI6MTA1MCwidXJsIjoiaHR0cHM6XC9cL2F6cHBvcnRvZXMuY29tLmJyXC93cC1jb250ZW50XC91cGxvYWRzXC8yMDIxXC8wN1wvZGVzbGl6YW50ZTcuanBnIiwic2xpZGVzaG93IjoiM2Y0YjBmYiJ9\" href='https:\/\/azpportoes.com.br\/wp-content\/uploads\/2021\/07\/deslizante7.jpg'><img width=\"150\" height=\"150\" src=\"https:\/\/azpportoes.com.br\/wp-content\/uploads\/2021\/07\/deslizante7-150x150.jpg\" class=\"attachment-thumbnail size-thumbnail\" alt=\"\" loading=\"lazy\" aria-describedby=\"gallery-1-1050\" \/><\/a>\n\t\t\t<\/div>\n\t\t\t\t<figcaption class='wp-caption-text gallery-caption' id='gallery-1-1050'>\n\t\t\t\tPort\u00f5es Deslizantes Autom\u00e1ticos\n\t\t\t\t<\/figcaption><\/figure><figure class='gallery-item'>\n\t\t\t<div class='gallery-icon landscape'>\n\t\t\t\t<a data-elementor-open-lightbox=\"yes\" data-elementor-lightbox-slideshow=\"3f4b0fb\" data-elementor-lightbox-title=\"deslizante8\" e-action-hash=\"#elementor-action%3Aaction%3Dlightbox%26settings%3DeyJpZCI6MTA1MSwidXJsIjoiaHR0cHM6XC9cL2F6cHBvcnRvZXMuY29tLmJyXC93cC1jb250ZW50XC91cGxvYWRzXC8yMDIxXC8wN1wvZGVzbGl6YW50ZTguanBnIiwic2xpZGVzaG93IjoiM2Y0YjBmYiJ9\" href='https:\/\/azpportoes.com.br\/wp-content\/uploads\/2021\/07\/deslizante8.jpg'><img width=\"150\" height=\"150\" src=\"https:\/\/azpportoes.com.br\/wp-content\/uploads\/2021\/07\/deslizante8-150x150.jpg\" class=\"attachment-thumbnail size-thumbnail\" alt=\"\" loading=\"lazy\" aria-describedby=\"gallery-1-1051\" \/><\/a>\n\t\t\t<\/div>\n\t\t\t\t<figcaption class='wp-caption-text gallery-caption' id='gallery-1-1051'>\n\t\t\t\tPort\u00f5es Deslizantes Autom\u00e1ticos\n\t\t\t\t<\/figcaption><\/figure><figure class='gallery-item'>\n\t\t\t<div class='gallery-icon landscape'>\n\t\t\t\t<a data-elementor-open-lightbox=\"yes\" data-elementor-lightbox-slideshow=\"3f4b0fb\" data-elementor-lightbox-title=\"deslizante9\" e-action-hash=\"#elementor-action%3Aaction%3Dlightbox%26settings%3DeyJpZCI6MTA1MiwidXJsIjoiaHR0cHM6XC9cL2F6cHBvcnRvZXMuY29tLmJyXC93cC1jb250ZW50XC91cGxvYWRzXC8yMDIxXC8wN1wvZGVzbGl6YW50ZTkuanBnIiwic2xpZGVzaG93IjoiM2Y0YjBmYiJ9\" href='https:\/\/azpportoes.com.br\/wp-content\/uploads\/2021\/07\/deslizante9.jpg'><img width=\"150\" height=\"150\" src=\"https:\/\/azpportoes.com.br\/wp-content\/uploads\/2021\/07\/deslizante9-150x150.jpg\" class=\"attachment-thumbnail size-thumbnail\" alt=\"\" loading=\"lazy\" aria-describedby=\"gallery-1-1052\" \/><\/a>\n\t\t\t<\/div>\n\t\t\t\t<figcaption class='wp-caption-text gallery-caption' id='gallery-1-1052'>\n\t\t\t\tPort\u00f5es Deslizantes Autom\u00e1ticos\n\t\t\t\t<\/figcaption><\/figure>\n\t\t<\/div>\n\t\t<\/div>\n\t\t\t\t<\/div>\n\t\t\t\t<\/div>\n\t\t\t\t<div class=\"elementor-element elementor-element-cb6bc62 elementor-widget elementor-widget-spacer\" data-id=\"cb6bc62\" data-element_type=\"widget\" data-widget_type=\"spacer.default\">\n\t\t\t\t<div class=\"elementor-widget-container\">\n\t\t\t\t\t<div class=\"elementor-spacer\">\n\t\t\t<div class=\"elementor-spacer-inner\"><\/div>\n\t\t<\/div>\n\t\t\t\t<\/div>\n\t\t\t\t<\/div>\n\t\t\t\t\t<\/div>\n\t\t<\/div>\n\t\t\t\t\t\t\t<\/div>\n\t\t<\/section>\n\t\t\t\t<section class=\"elementor-section elementor-top-section elementor-element elementor-element-5f6b083 elementor-section-boxed elementor-section-height-default elementor-section-height-default\" data-id=\"5f6b083\" data-element_type=\"section\" data-settings=\"{&quot;background_background&quot;:&quot;gradient&quot;}\">\n\t\t\t\t\t\t\t<div class=\"elementor-background-overlay\"><\/div>\n\t\t\t\t\t\t\t<div class=\"elementor-container elementor-column-gap-no\">\n\t\t\t\t\t<div class=\"elementor-column elementor-col-100 elementor-top-column elementor-element elementor-element-00b50ab\" data-id=\"00b50ab\" data-element_type=\"column\">\n\t\t\t<div class=\"elementor-widget-wrap elementor-element-populated\">\n\t\t\t\t\t\t\t\t<div class=\"elementor-element elementor-element-eba3356 elementor-widget elementor-widget-heading\" data-id=\"eba3356\" data-element_type=\"widget\" data-widget_type=\"heading.default\">\n\t\t\t\t<div class=\"elementor-widget-container\">\n\t\t\t<h2 class=\"elementor-heading-title elementor-size-default\">Atendimento\n<\/h2>\t\t<\/div>\n\t\t\t\t<\/div>\n\t\t\t\t<section class=\"elementor-section elementor-inner-section elementor-element elementor-element-018e1bd elementor-section-full_width elementor-section-height-default elementor-section-height-default\" data-id=\"018e1bd\" data-element_type=\"section\">\n\t\t\t\t\t\t<div class=\"elementor-container elementor-column-gap-default\">\n\t\t\t\t\t<div class=\"elementor-column elementor-col-50 elementor-inner-column elementor-element elementor-element-3e2a3ba\" data-id=\"3e2a3ba\" data-element_type=\"column\">\n\t\t\t<div class=\"elementor-widget-wrap elementor-element-populated\">\n\t\t\t\t\t\t\t\t<div class=\"elementor-element elementor-element-9bad614 elementor-view-stacked elementor-vertical-align-top elementor-widget elementor-widget-icon-box\" data-id=\"9bad614\" data-element_type=\"widget\" data-widget_type=\"icon-box.default\">\n\t\t\t\t<div class=\"elementor-widget-container\">\n\t\t\t\t\t<div class=\"elementor-icon-box-wrapper\">\n\t\t\t\t\t\t<div class=\"elementor-icon-box-content\">\n\t\t\t\t<h1 class=\"elementor-icon-box-title\">\n\t\t\t\t\t<span  >\n\t\t\t\t\t\t11 96534.8003 | 11 94776.5108\t\t\t\t\t<\/span>\n\t\t\t\t<\/h1>\n\t\t\t\t\t\t\t<\/div>\n\t\t<\/div>\n\t\t\t\t<\/div>\n\t\t\t\t<\/div>\n\t\t\t\t\t<\/div>\n\t\t<\/div>\n\t\t\t\t<div class=\"elementor-column elementor-col-50 elementor-inner-column elementor-element elementor-element-68029b9\" data-id=\"68029b9\" data-element_type=\"column\">\n\t\t\t<div class=\"elementor-widget-wrap elementor-element-populated\">\n\t\t\t\t\t\t\t\t<div class=\"elementor-element elementor-element-a505daa elementor-view-stacked elementor-vertical-align-top elementor-widget elementor-widget-icon-box\" data-id=\"a505daa\" data-element_type=\"widget\" data-widget_type=\"icon-box.default\">\n\t\t\t\t<div class=\"elementor-widget-container\">\n\t\t\t\t\t<div class=\"elementor-icon-box-wrapper\">\n\t\t\t\t\t\t<div class=\"elementor-icon-box-content\">\n\t\t\t\t<h6 class=\"elementor-icon-box-title\">\n\t\t\t\t\t<span  >\n\t\t\t\t\t\t\t\t\t\t\t<\/span>\n\t\t\t\t<\/h6>\n\t\t\t\t\t\t\t<\/div>\n\t\t<\/div>\n\t\t\t\t<\/div>\n\t\t\t\t<\/div>\n\t\t\t\t\t<\/div>\n\t\t<\/div>\n\t\t\t\t\t\t\t<\/div>\n\t\t<\/section>\n\t\t\t\t<div class=\"elementor-element elementor-element-2ecb71c elementor-widget elementor-widget-text-editor\" data-id=\"2ecb71c\" data-element_type=\"widget\" data-widget_type=\"text-editor.default\">\n\t\t\t\t<div class=\"elementor-widget-container\">\n\t\t\t\t\t\t\t<p>Al\u00e9m de oferecer o produto nos da AZP Port\u00f5es instalamos e prestamos assist\u00eancia t\u00e9cnica em automa\u00e7\u00f5es de portas e port\u00f5es das mais diversas marcas.<\/p>\t\t\t\t\t\t<\/div>\n\t\t\t\t<\/div>\n\t\t\t\t<div class=\"elementor-element elementor-element-e1cf6ed elementor-widget__width-auto elementor-mobile-align-justify elementor-widget-mobile__width-inherit elementor-align-left elementor-widget elementor-widget-button\" data-id=\"e1cf6ed\" data-element_type=\"widget\" data-widget_type=\"button.default\">\n\t\t\t\t<div class=\"elementor-widget-container\">\n\t\t\t\t\t<div class=\"elementor-button-wrapper\">\n\t\t\t<a href=\"#\" class=\"elementor-button-link elementor-button elementor-size-sm\" role=\"button\">\n\t\t\t\t\t\t<span class=\"elementor-button-content-wrapper\">\n\t\t\t\t\t\t\t<span class=\"elementor-button-icon elementor-align-icon-left\">\n\t\t\t\t<i aria-hidden=\"true\" class=\"fab fa-whatsapp\"><\/i>\t\t\t<\/span>\n\t\t\t\t\t\t<span class=\"elementor-button-text\">WhatsApp<\/span>\n\t\t<\/span>\n\t\t\t\t\t<\/a>\n\t\t<\/div>\n\t\t\t\t<\/div>\n\t\t\t\t<\/div>\n\t\t\t\t<div class=\"elementor-element elementor-element-48a5a90 elementor-widget__width-auto elementor-mobile-align-justify elementor-widget-mobile__width-inherit elementor-align-left elementor-widget elementor-widget-button\" data-id=\"48a5a90\" data-element_type=\"widget\" data-widget_type=\"button.default\">\n\t\t\t\t<div class=\"elementor-widget-container\">\n\t\t\t\t\t<div class=\"elementor-button-wrapper\">\n\t\t\t<a href=\"https:\/\/azpportoes.com.br\/index.php\/contato-portoes-automaticos\/\" class=\"elementor-button-link elementor-button elementor-size-sm\" role=\"button\">\n\t\t\t\t\t\t<span class=\"elementor-button-content-wrapper\">\n\t\t\t\t\t\t\t<span class=\"elementor-button-icon elementor-align-icon-left\">\n\t\t\t\t<i aria-hidden=\"true\" class=\"fas fa-phone\"><\/i>\t\t\t<\/span>\n\t\t\t\t\t\t<span class=\"elementor-button-text\">Fale conosco<\/span>\n\t\t<\/span>\n\t\t\t\t\t<\/a>\n\t\t<\/div>\n\t\t\t\t<\/div>\n\t\t\t\t<\/div>\n\t\t\t\t\t<\/div>\n\t\t<\/div>\n\t\t\t\t\t\t\t<\/div>\n\t\t<\/section>\n\t\t\t\t\t\t\t<\/div>\n\t\t","protected":false},"excerpt":{"rendered":"<p>Automatiza\u00e7\u00e3o de port\u00f5es Deslizantes Somos a AZP Port\u00f5es uma empresa especializada em instala\u00e7\u00e3o, manuten\u00e7\u00e3o e conserto de port\u00f5es autom\u00e1ticos,\u00a0 localizada em S\u00e3o Paulo, e atuamos em S\u00e3o Paulo e regi\u00f5es, nossa empresa alia tecnologia e qualidade na instala\u00e7\u00e3o de port\u00f5es autom\u00e1ticos para resid\u00eancias e condom\u00ednios, al\u00e9m de oferecer presta\u00e7\u00e3o de servi\u00e7os de manuten\u00e7\u00e3o e assist\u00eancia &hellip;<\/p>\n<p class=\"read-more\"> <a class=\"\" href=\"https:\/\/azpportoes.com.br\/index.php\/automatizador-deslizante-zona-sul\/\"> <span class=\"screen-reader-text\">Port\u00e3o deslizante zona sul<\/span> Leia mais &raquo;<\/a><\/p>\n","protected":false},"author":1,"featured_media":0,"parent":0,"menu_order":0,"comment_status":"closed","ping_status":"closed","template":"","meta":{"site-sidebar-layout":"no-sidebar","site-content-layout":"page-builder","ast-main-header-display":"","ast-hfb-above-header-display":"","ast-hfb-below-header-display":"","ast-hfb-mobile-header-display":"","site-post-title":"disabled","ast-breadcrumbs-content":"","ast-featured-img":"disabled","footer-sml-layout":"","theme-transparent-header-meta":"enabled","adv-header-id-meta":"","stick-header-meta":"","header-above-stick-meta":"","header-main-stick-meta":"","header-below-stick-meta":"","_joinchat":[]},"_links":{"self":[{"href":"https:\/\/azpportoes.com.br\/index.php\/wp-json\/wp\/v2\/pages\/1003"}],"collection":[{"href":"https:\/\/azpportoes.com.br\/index.php\/wp-json\/wp\/v2\/pages"}],"about":[{"href":"https:\/\/azpportoes.com.br\/index.php\/wp-json\/wp\/v2\/types\/page"}],"author":[{"embeddable":true,"href":"https:\/\/azpportoes.com.br\/index.php\/wp-json\/wp\/v2\/users\/1"}],"replies":[{"embeddable":true,"href":"https:\/\/azpportoes.com.br\/index.php\/wp-json\/wp\/v2\/comments?post=1003"}],"version-history":[{"count":54,"href":"https:\/\/azpportoes.com.br\/index.php\/wp-json\/wp\/v2\/pages\/1003\/revisions"}],"predecessor-version":[{"id":3058,"href":"https:\/\/azpportoes.com.br\/index.php\/wp-json\/wp\/v2\/pages\/1003\/revisions\/3058"}],"wp:attachment":[{"href":"https:\/\/azpportoes.com.br\/index.php\/wp-json\/wp\/v2\/media?parent=1003"}],"curies":[{"name":"wp","href":"https:\/\/api.w.org\/{rel}","templated":true}]}}